{"id":262,"date":"2024-01-20T01:04:13","date_gmt":"2024-01-20T00:04:13","guid":{"rendered":"https:\/\/archimed.iml-strasbourg.fr\/?page_id=262"},"modified":"2024-01-22T16:28:51","modified_gmt":"2024-01-22T15:28:51","slug":"notre-projet","status":"publish","type":"page","link":"https:\/\/archimed-project.org\/index.php\/fr\/notre-projet\/","title":{"rendered":"Notre projet"},"content":{"rendered":"\n<p>Le projet ArchiMed se plonge dans l\u2019\u00e9tude de deux collections et archives biom\u00e9dicales : l\u2019Archive de Tissus Pathologiques de Strasbourg (SPTA) et la Banque de Cerveaux de Gen\u00e8ve (GBB). Ces plus de 1,5 millions d\u2019\u00e9chantillons couvrent l\u2019ensemble du 20\u00e8me si\u00e8cle et sont une source pr\u00e9cieuse de donn\u00e9es historiques et m\u00e9dicales. Notre objectif est de convertir ces archives physiques en un tr\u00e9sor de donn\u00e9es pour la recherche moderne, en utilisant les technologies de pointe de l\u2019Intelligence Artificielle et de la science des donn\u00e9es.<\/p>\n\n\n\n<p>Le c\u0153ur du projet est son approche multiforme :<\/p>\n\n\n\n<ul class=\"wp-block-list\">\n<li><mark style=\"background-color:rgba(0, 0, 0, 0);color:#009688\" class=\"has-inline-color\"><strong>Num\u00e9risation assist\u00e9e par IA<\/strong> <strong>:<\/strong><\/mark> Nous nous voulons pionniers de l\u2019utilisation de l\u2019IA pour la transformation de dossiers, de rapports m\u00e9dicaux et de lames microscopiques en une base de donn\u00e9es interactive.<\/li>\n\n\n\n<li><strong><mark style=\"background-color:rgba(0, 0, 0, 0);color:#009688\" class=\"has-inline-color\">Analyses Arch\u00e9og\u00e9nomiques et Histopathologiques :<\/mark><\/strong> En examinant les \u00e9chantillons de tissu archiv\u00e9s, nous avons pour objectif de faire de nouvelles d\u00e9couvertes concernant des pathologies comme la neurosyphilis, ouvrant ainsi une nouvelle voie d\u2019\u00e9tude du pass\u00e9 au service de la recherche m\u00e9dicale.<\/li>\n\n\n\n<li><strong><mark style=\"background-color:rgba(0, 0, 0, 0);color:#009688\" class=\"has-inline-color\">Collaborations interdisciplinaires :<\/mark> <\/strong>ArchiMed se nourrit de la synergie entre les historiens, les sp\u00e9cialistes de l\u2019IA, les biologistes mol\u00e9culaires et les professionnels de sant\u00e9, cr\u00e9ant ainsi un riche dialogue multidisciplinaire.<\/li>\n<\/ul>\n\n\n\n<p>Notre choix de la neurosyphilis en tant que pathologie pilote nous permettra de proposer un mod\u00e8le d\u2019\u00e9tude des biobanques et archives historiques en vue de leur utilisation par la recherche moderne. Il ne s\u2019agit pas que de g\u00e9n\u00e9rer des donn\u00e9es, il faut aussi recontextualiser notre pass\u00e9 m\u00e9dical, comprendre l\u2019\u00e9volution des pathologies et enrichir nos futurs travaux de la profondeur des donn\u00e9es historiques.<\/p>\n","protected":false},"excerpt":{"rendered":"<p>Le projet ArchiMed se plonge dans l\u2019\u00e9tude de deux collections et archives biom\u00e9dicales : l\u2019Archive de Tissus Pathologiques de Strasbourg (SPTA) et la Banque de Cerveaux de Gen\u00e8ve (GBB). Ces plus de 1,5 millions d\u2019\u00e9chantillons couvrent l\u2019ensemble du 20\u00e8me si\u00e8cle et sont une source pr\u00e9cieuse de donn\u00e9es historiques et m\u00e9dicales. Notre objectif est de convertir ces archives physiques en un tr\u00e9sor de donn\u00e9es pour la recherche moderne, en utilisant les technologies de pointe de l\u2019Intelligence Artificielle et de la science&#8230;<\/p>\n<p class=\"read-more\"><a class=\"btn btn-default\" href=\"https:\/\/archimed-project.org\/index.php\/fr\/notre-projet\/\"> Read More<span class=\"screen-reader-text\">  Read More<\/span><\/a><\/p>\n","protected":false},"author":1,"featured_media":0,"parent":0,"menu_order":0,"comment_status":"closed","ping_status":"open","template":"","meta":{"footnotes":""},"class_list":["post-262","page","type-page","status-publish","hentry"],"_links":{"self":[{"href":"https:\/\/archimed-project.org\/index.php\/wp-json\/wp\/v2\/pages\/262","targetHints":{"allow":["GET"]}}],"collection":[{"href":"https:\/\/archimed-project.org\/index.php\/wp-json\/wp\/v2\/pages"}],"about":[{"href":"https:\/\/archimed-project.org\/index.php\/wp-json\/wp\/v2\/types\/page"}],"author":[{"embeddable":true,"href":"https:\/\/archimed-project.org\/index.php\/wp-json\/wp\/v2\/users\/1"}],"replies":[{"embeddable":true,"href":"https:\/\/archimed-project.org\/index.php\/wp-json\/wp\/v2\/comments?post=262"}],"version-history":[{"count":3,"href":"https:\/\/archimed-project.org\/index.php\/wp-json\/wp\/v2\/pages\/262\/revisions"}],"predecessor-version":[{"id":301,"href":"https:\/\/archimed-project.org\/index.php\/wp-json\/wp\/v2\/pages\/262\/revisions\/301"}],"wp:attachment":[{"href":"https:\/\/archimed-project.org\/index.php\/wp-json\/wp\/v2\/media?parent=262"}],"curies":[{"name":"wp","href":"https:\/\/api.w.org\/{rel}","templated":true}]}}