{"id":273,"date":"2024-01-20T01:12:43","date_gmt":"2024-01-20T00:12:43","guid":{"rendered":"https:\/\/archimed.iml-strasbourg.fr\/?page_id=273"},"modified":"2024-01-22T19:19:46","modified_gmt":"2024-01-22T18:19:46","slug":"equipes-partenaires","status":"publish","type":"page","link":"https:\/\/archimed-project.org\/index.php\/fr\/equipes-partenaires\/","title":{"rendered":"\u00c9quipes &#038; Partenaires"},"content":{"rendered":"<div class=\"tmm tmm_archimed-fr\"><div class=\"tmm_3_columns tmm_wrap tmm_plugin_f\"><span class=\"tmm_two_containers_tablet\"><\/span><div class=\"tmm_container\"><div class=\"tmm_member\" style=\"border-top:#333333 solid 5px;\"><div class=\"tmm_photo tmm_pic_archimed-fr_0\" style=\"background: url(http:\/\/archimed-project.org\/wp-content\/uploads\/2023\/11\/1d99e9d2c8a460b3fee7fffbb6a3b5c1_f14.jpg); margin-left: auto; margin-right:auto; background-size:cover !important;\"><\/div><div class=\"tmm_textblock\"><div class=\"tmm_names\"><span class=\"tmm_fname\">Prof. Christian<\/span> <span class=\"tmm_lname\">Bonah<\/span><\/div><div class=\"tmm_job\">Co-principal Investigateur; Professeur d'Histoire des Sciences, Universit\u00e9 de Strasbourg.<\/div><div class=\"tmm_scblock\"><a target=\"_blank\" class=\"tmm_sociallink\" href=\"https:\/\/neverending.unige.ch\/team-partners\/christian-bonah\/\" title=\"\"><img decoding=\"async\" alt=\"\" src=\"https:\/\/archimed-project.org\/wp-content\/plugins\/team-members\/inc\/img\/links\/website.png\"\/><\/a><a class=\"tmm_sociallink\" href=\"mailto:bonah@unistra.fr\" title=\"\"><img decoding=\"async\" alt=\"\" src=\"https:\/\/archimed-project.org\/wp-content\/plugins\/team-members\/inc\/img\/links\/email.png\"\/><\/a><a class=\"tmm_sociallink\" href=\"tel:+33 3 68 85 40 93\" title=\"\"><img decoding=\"async\" alt=\"\" src=\"https:\/\/archimed-project.org\/wp-content\/plugins\/team-members\/inc\/img\/links\/phone.png\"\/><\/a><\/div><\/div><\/div><div class=\"tmm_member\" style=\"border-top:#333333 solid 5px;\"><div class=\"tmm_photo tmm_pic_archimed-fr_1\" style=\"background: url(http:\/\/archimed-project.org\/wp-content\/uploads\/2023\/11\/8933f6b880ed087712381bb567bcfc8d_f13.jpg); margin-left: auto; margin-right:auto; background-size:cover !important;\"><\/div><div class=\"tmm_textblock\"><div class=\"tmm_names\"><span class=\"tmm_fname\">Dr Laurence<\/span> <span class=\"tmm_lname\">Toutous-Trellu<\/span><\/div><div class=\"tmm_job\">Co-principal Investigatrice; Ma\u00eetre de conf\u00e9rences, Division de Dermatologie et de V\u00e9n\u00e9r\u00e9ologie, H\u00f4pital Universitaire de Gen\u00e8ve.<\/div><div class=\"tmm_scblock\"><a class=\"tmm_sociallink\" href=\"mailto:laurence.trellu@hcuge.ch\" title=\"\"><img decoding=\"async\" alt=\"\" src=\"https:\/\/archimed-project.org\/wp-content\/plugins\/team-members\/inc\/img\/links\/email.png\"\/><\/a><a target=\"_blank\" class=\"tmm_sociallink\" href=\"https:\/\/www.unige.ch\/medecine\/demed\/fr\/groupes-de-recherche\/1023toutous-trellu\/\" title=\"\"><img decoding=\"async\" alt=\"\" src=\"https:\/\/archimed-project.org\/wp-content\/plugins\/team-members\/inc\/img\/links\/website.png\"\/><\/a><a target=\"_blank\" class=\"tmm_sociallink\" href=\"https:\/\/www.researchgate.net\/profile\/Laurence-Toutous-Trellu\" title=\"\"><img decoding=\"async\" alt=\"\" src=\"https:\/\/archimed-project.org\/wp-content\/plugins\/team-members\/inc\/img\/links\/researchgate.png\"\/><\/a><\/div><\/div><\/div><span class=\"tmm_two_containers_tablet\"><\/span><div class=\"tmm_member\" style=\"border-top:#333333 solid 5px;\"><div class=\"tmm_photo tmm_pic_archimed-fr_2\" style=\"background: url(http:\/\/archimed-project.org\/wp-content\/uploads\/2023\/11\/641cc4650f5e03517e391fde6923712c_f35.jpg); margin-left: auto; margin-right:auto; background-size:cover !important;\"><\/div><div class=\"tmm_textblock\"><div class=\"tmm_names\"><span class=\"tmm_fname\">Prof. Christine <\/span> <span class=\"tmm_lname\">Keyser<\/span><\/div><div class=\"tmm_job\">Co-principal Investigatrice; Professeure, Institut de M\u00e9decine L\u00e9gale de Strasbourg, Universit\u00e9 de Strasbourg.<\/div><div class=\"tmm_scblock\"><a class=\"tmm_sociallink\" href=\"mailto:ckeyser@unistra.fr\" title=\"\"><img decoding=\"async\" alt=\"\" src=\"https:\/\/archimed-project.org\/wp-content\/plugins\/team-members\/inc\/img\/links\/email.png\"\/><\/a><a target=\"_blank\" class=\"tmm_sociallink\" href=\"https:\/\/www.researchgate.net\/profile\/Christine-Keyser\" title=\"\"><img decoding=\"async\" alt=\"\" src=\"https:\/\/archimed-project.org\/wp-content\/plugins\/team-members\/inc\/img\/links\/researchgate.png\"\/><\/a><\/div><\/div><\/div><\/div><span class=\"tmm_columns_containers_desktop\"><\/span><div class=\"tmm_container\"><div class=\"tmm_member\" style=\"border-top:#333333 solid 5px;\"><div class=\"tmm_photo tmm_pic_archimed-fr_3\" style=\"background: url(http:\/\/archimed-project.org\/wp-content\/uploads\/2023\/11\/2ea1ac818fc7336f87569730e10b5447_f12.jpg); margin-left: auto; margin-right:auto; background-size:cover !important;\"><\/div><div class=\"tmm_textblock\"><div class=\"tmm_names\"><span class=\"tmm_fname\">Prof. Alexandre<\/span> <\/div><div class=\"tmm_job\">Co-principal Investigateur; Professeur, Universit\u00e9 de Gen\u00e8ve.<\/div><div class=\"tmm_scblock\"><a class=\"tmm_sociallink\" href=\"mailto:alexandre.wenger@unige.ch\" title=\"Wenger\"><img decoding=\"async\" alt=\"Wenger\" src=\"https:\/\/archimed-project.org\/wp-content\/plugins\/team-members\/inc\/img\/links\/email.png\"\/><\/a><a target=\"_blank\" class=\"tmm_sociallink\" href=\"https:\/\/www.unige.ch\/medecine\/ieh2\/linstitut\/collaborateurs\/alexandre-wenger\" title=\"\"><img decoding=\"async\" alt=\"\" src=\"https:\/\/archimed-project.org\/wp-content\/plugins\/team-members\/inc\/img\/links\/website.png\"\/><\/a><a target=\"_blank\" class=\"tmm_sociallink\" href=\"https:\/\/www.researchgate.net\/profile\/Alexandre-Wenger\" title=\"\"><img decoding=\"async\" alt=\"\" src=\"https:\/\/archimed-project.org\/wp-content\/plugins\/team-members\/inc\/img\/links\/researchgate.png\"\/><\/a><\/div><\/div><\/div><span class=\"tmm_two_containers_tablet\"><\/span><div class=\"tmm_member\" style=\"border-top:#333333 solid 5px;\"><div class=\"tmm_photo tmm_pic_archimed-fr_4\" style=\"background: url(http:\/\/archimed-project.org\/wp-content\/uploads\/2023\/11\/32e4eb80fb5ca06334d385aa6799f86c_f128.jpg); margin-left: auto; margin-right:auto; background-size:cover !important;\"><\/div><div class=\"tmm_textblock\"><div class=\"tmm_names\"><span class=\"tmm_fname\">MD, PhD Christophe<\/span> <span class=\"tmm_lname\">Lamy<\/span><\/div><div class=\"tmm_job\">Co-principal Investigateur; Professeur d'Anatomie et Neurobiologie, Facult\u00e9 de m\u00e9decine, Universit\u00e9 de Gen\u00e8ve<\/div><div class=\"tmm_scblock\"><a target=\"_blank\" class=\"tmm_sociallink\" href=\"https:\/\/www.unige.ch\/medecine\/Lamylab\/en\/people\/\" title=\"\"><img decoding=\"async\" alt=\"\" src=\"https:\/\/archimed-project.org\/wp-content\/plugins\/team-members\/inc\/img\/links\/website.png\"\/><\/a><a target=\"_blank\" class=\"tmm_sociallink\" href=\"https:\/\/www.researchgate.net\/profile\/Christophe-Lamy\" title=\"\"><img decoding=\"async\" alt=\"\" src=\"https:\/\/archimed-project.org\/wp-content\/plugins\/team-members\/inc\/img\/links\/researchgate.png\"\/><\/a><\/div><\/div><\/div><div class=\"tmm_member\" style=\"border-top:#333333 solid 5px;\"><div class=\"tmm_photo tmm_pic_archimed-fr_5\" style=\"background: url(http:\/\/archimed-project.org\/wp-content\/uploads\/2023\/11\/e5769d130ad234b363188eae81e062e9_f36.jpg); margin-left: auto; margin-right:auto; background-size:cover !important;\"><\/div><div class=\"tmm_textblock\"><div class=\"tmm_names\"><span class=\"tmm_fname\">Dr Vincent <\/span> <span class=\"tmm_lname\">Zv\u00e9nigorosky<\/span><\/div><div class=\"tmm_job\">Partenaire du projet; Collaborateur du laboratoire \"Soci\u00e9t\u00e9s, Acteurs, Gouvernement en Europe\", Universit\u00e9 de Strasbourg.<\/div><div class=\"tmm_scblock\"><a class=\"tmm_sociallink\" href=\"mailto:zvenigorosky@unistra.fr\" title=\"\"><img decoding=\"async\" alt=\"\" src=\"https:\/\/archimed-project.org\/wp-content\/plugins\/team-members\/inc\/img\/links\/email.png\"\/><\/a><a target=\"_blank\" class=\"tmm_sociallink\" href=\"https:\/\/www.researchgate.net\/profile\/Vincent-Zvenigorosky\" title=\"\"><img decoding=\"async\" alt=\"\" src=\"https:\/\/archimed-project.org\/wp-content\/plugins\/team-members\/inc\/img\/links\/researchgate.png\"\/><\/a><\/div><\/div><\/div><span class=\"tmm_two_containers_tablet\"><\/span><\/div><span class=\"tmm_columns_containers_desktop\"><\/span><div class=\"tmm_container\"><div class=\"tmm_member\" style=\"border-top:#333333 solid 5px;\"><div class=\"tmm_photo tmm_pic_archimed-fr_6\" style=\"background: url(http:\/\/archimed-project.org\/wp-content\/uploads\/2023\/11\/2f80d8bc1c1d41fc73b0cb1f7fee847d_f42.jpg); margin-left: auto; margin-right:auto; background-size:cover !important;\"><\/div><div class=\"tmm_textblock\"><div class=\"tmm_names\"><span class=\"tmm_fname\">Dr Tricia<\/span> <span class=\"tmm_lname\">Close-Koenig<\/span><\/div><div class=\"tmm_job\">Partenaire du projet; Chercheuse postdoctoral au laboratoire \"Soci\u00e9t\u00e9s, Acteurs, Gouvernement en Europe\", Universit\u00e9 de Strasbourg.<\/div><div class=\"tmm_scblock\"><a target=\"_blank\" class=\"tmm_sociallink\" href=\"https:\/\/www.researchgate.net\/profile\/Tricia-Close-Koenig\" title=\"\"><img decoding=\"async\" alt=\"\" src=\"https:\/\/archimed-project.org\/wp-content\/plugins\/team-members\/inc\/img\/links\/researchgate.png\"\/><\/a><\/div><\/div><\/div><div class=\"tmm_member\" style=\"border-top:#333333 solid 5px;\"><div class=\"tmm_photo tmm_pic_archimed-fr_7\" style=\"background: url(http:\/\/archimed-project.org\/wp-content\/uploads\/2023\/11\/bfe6462bdf49cf60d736b6114ad4e9d5_f138.jpg); margin-left: auto; margin-right:auto; background-size:cover !important;\"><\/div><div class=\"tmm_textblock\"><div class=\"tmm_names\"><span class=\"tmm_fname\">Dr D\u00e9borah<\/span> <span class=\"tmm_lname\">Dubald<\/span><\/div><div class=\"tmm_job\">Partenaire du projet; Chercheuse postdoctoral au laboratoire \"Soci\u00e9t\u00e9s, Acteurs, Gouvernement en Europe\", Universit\u00e9 de Strasbourg.<\/div><div class=\"tmm_scblock\"><a class=\"tmm_sociallink\" href=\"mailto:ddubald@unistra.fr\" title=\"\"><img decoding=\"async\" alt=\"\" src=\"https:\/\/archimed-project.org\/wp-content\/plugins\/team-members\/inc\/img\/links\/email.png\"\/><\/a><a target=\"_blank\" class=\"tmm_sociallink\" href=\"https:\/\/cv.archives-ouvertes.fr\/deborah-dubald\" title=\"\"><img decoding=\"async\" alt=\"\" src=\"https:\/\/archimed-project.org\/wp-content\/plugins\/team-members\/inc\/img\/links\/website.png\"\/><\/a><\/div><\/div><\/div><span class=\"tmm_two_containers_tablet\"><\/span><div class=\"tmm_member\" style=\"border-top:#333333 solid 5px;\"><div class=\"tmm_photo tmm_pic_archimed-fr_8\" style=\"background: url(http:\/\/archimed-project.org\/wp-content\/uploads\/2023\/11\/1620727348450.jpg); margin-left: auto; margin-right:auto; background-size:cover !important;\"><\/div><div class=\"tmm_textblock\"><div class=\"tmm_names\"><span class=\"tmm_fname\">Gilles<\/span> <span class=\"tmm_lname\">Veith<\/span><\/div><div class=\"tmm_job\">Partenaire du projet; Bioinformaticien \u00e0 l'Institut de M\u00e9decine L\u00e9gale de Strasbourg, Universit\u00e9 de Strasbourg.<\/div><div class=\"tmm_scblock\"><a class=\"tmm_sociallink\" href=\"mailto:gveith@unistra.fr\" title=\"\"><img decoding=\"async\" alt=\"\" src=\"https:\/\/archimed-project.org\/wp-content\/plugins\/team-members\/inc\/img\/links\/email.png\"\/><\/a><\/div><\/div><\/div><\/div><span class=\"tmm_columns_containers_desktop\"><\/span><div class=\"tmm_container\"><div class=\"tmm_member\" style=\"border-top:#333333 solid 5px;\"><div class=\"tmm_photo tmm_pic_archimed-fr_9\" style=\"background: url(http:\/\/archimed-project.org\/wp-content\/uploads\/2023\/11\/Photo_EMPTAZ-scaled.jpg); margin-left: auto; margin-right:auto; background-size:cover !important;\"><\/div><div class=\"tmm_textblock\"><div class=\"tmm_names\"><span class=\"tmm_fname\">Maxime<\/span> <span class=\"tmm_lname\">Emptaz<\/span><\/div><div class=\"tmm_job\">Stagiaire; Master 2 Intelligence en donn\u00e9es en sant\u00e9, Universit\u00e9 de Strasbourg<\/div><div class=\"tmm_scblock\"><\/div><\/div><\/div><span class=\"tmm_two_containers_tablet\"><\/span><div class=\"tmm_member\" style=\"border-top:#333333 solid 5px;\"><div class=\"tmm_photo tmm_pic_archimed-fr_10\" style=\"background: url(http:\/\/archimed-project.org\/wp-content\/uploads\/2024\/01\/ffffffffffffff.jpg); margin-left: auto; margin-right:auto; background-size:cover !important;\"><\/div><div class=\"tmm_textblock\"><div class=\"tmm_names\"><span class=\"tmm_fname\">Myriam<\/span> <span class=\"tmm_lname\">Lamrayah<\/span><\/div><div class=\"tmm_job\">Post-doctoral researcher, pharmacist, University of Geneva<\/div><div class=\"tmm_scblock\"><a target=\"_blank\" class=\"tmm_sociallink\" href=\"https:\/\/www.linkedin.com\/in\/myriam-lamrayah\/\" title=\"\"><img decoding=\"async\" alt=\"\" src=\"https:\/\/archimed-project.org\/wp-content\/plugins\/team-members\/inc\/img\/links\/linkedin.png\"\/><\/a><\/div><\/div><\/div><div class=\"tmm_member\" style=\"border-top:#333333 solid 5px;\"><div class=\"tmm_photo tmm_pic_archimed-fr_11\" style=\"background: url(http:\/\/archimed-project.org\/wp-content\/uploads\/2024\/01\/gggggggggg.jpg); margin-left: auto; margin-right:auto; background-size:cover !important;\"><\/div><div class=\"tmm_textblock\"><div class=\"tmm_names\"><span class=\"tmm_fname\">Tom\u00e0s<\/span> <span class=\"tmm_lname\">Jord\u00e0 Siquier<\/span><\/div><div class=\"tmm_job\">Post-doctoral researcher, neurobiologist, University of Geneva<\/div><div class=\"tmm_scblock\"><a target=\"_blank\" class=\"tmm_sociallink\" href=\"https:\/\/www.linkedin.com\/in\/toms-jord-siquier-a4457371\/?originalSubdomain=fr\" title=\"\"><img decoding=\"async\" alt=\"\" src=\"https:\/\/archimed-project.org\/wp-content\/plugins\/team-members\/inc\/img\/links\/linkedin.png\"\/><\/a><\/div><\/div><\/div><span class=\"tmm_two_containers_tablet\"><\/span><\/div><span class=\"tmm_columns_containers_desktop\"><\/span><div class=\"tmm_container\"><div class=\"tmm_member\" style=\"border-top:#333333 solid 5px;\"><div class=\"tmm_photo tmm_pic_archimed-fr_12\" style=\"background: url(http:\/\/archimed-project.org\/wp-content\/uploads\/2024\/01\/dddddddd.jpg); margin-left: auto; margin-right:auto; background-size:cover !important;\"><\/div><div class=\"tmm_textblock\"><div class=\"tmm_names\"><span class=\"tmm_fname\">Justine <\/span> <span class=\"tmm_lname\">Falciola<\/span><\/div><div class=\"tmm_job\">Post-doctoral researcher, statistician, University of Geneva<\/div><div class=\"tmm_scblock\"><a target=\"_blank\" class=\"tmm_sociallink\" href=\"https:\/\/sites.google.com\/view\/justinefalciola\/home\" title=\"\"><img decoding=\"async\" alt=\"\" src=\"https:\/\/archimed-project.org\/wp-content\/plugins\/team-members\/inc\/img\/links\/website.png\"\/><\/a><a target=\"_blank\" class=\"tmm_sociallink\" href=\"https:\/\/www.linkedin.com\/in\/justine-falciola-a3a150102\/\" title=\"\"><img decoding=\"async\" alt=\"\" src=\"https:\/\/archimed-project.org\/wp-content\/plugins\/team-members\/inc\/img\/links\/linkedin.png\"\/><\/a><\/div><\/div><\/div><div class=\"tmm_member\" style=\"border-top:#333333 solid 5px;\"><div class=\"tmm_photo tmm_pic_archimed-fr_13\" style=\"background: url(http:\/\/archimed-project.org\/wp-content\/uploads\/2024\/01\/ttttt.png); margin-left: auto; margin-right:auto; background-size:cover !important;\"><\/div><div class=\"tmm_textblock\"><div class=\"tmm_names\"><span class=\"tmm_fname\">Lisa<\/span> <span class=\"tmm_lname\">Broisin<\/span><\/div><div class=\"tmm_job\">Research intern, Master in Neuroscience, University of Geneva<\/div><div class=\"tmm_scblock\"><a target=\"_blank\" class=\"tmm_sociallink\" href=\"https:\/\/www.linkedin.com\/in\/lisa-broisin\/\" title=\"\"><img decoding=\"async\" alt=\"\" src=\"https:\/\/archimed-project.org\/wp-content\/plugins\/team-members\/inc\/img\/links\/linkedin.png\"\/><\/a><\/div><\/div><\/div><span class=\"tmm_two_containers_tablet\"><\/span><div class=\"tmm_member\" style=\"border-top:#333333 solid 5px;\"><div class=\"tmm_textblock\"><div class=\"tmm_names\"><span class=\"tmm_fname\">Victoria<\/span> <span class=\"tmm_lname\">Alber<\/span><\/div><div class=\"tmm_job\">Medical student, University of Geneva<\/div><div class=\"tmm_scblock\"><\/div><\/div><\/div><div style=\"clear:both;\"><\/div><\/div><\/div><\/div>\n\n\n\n<p class=\"has-large-font-size\"><strong>PARTENAIRES INSTITUTIONNELS<\/strong><\/p>\n\n\n\t\n\t\t<div id=\"gs_logo_area_3\" class=\"gs_logo_area gs_logo_area_3 list1\" style=\"opacity: 0; visibility: hidden;\">\n\t\t\t<div class=\"gs_logo_area--inner\">\n\t\n\t\t\t\t\n<div class=\"gs_logo_container gs_logo_container_list\">\n\n\t\n\t\t\n\t\t\t<div class=\"gs_logo_single--wrapper\">\n\t\t\t\t<div class=\"gs_logo_single\">\n\t\t\t\t\t\n\t\t\t\t\t<div class=\"gs_logo--image-area\">\n\t\t\t\t\t\t<!-- Logo Image -->\n\t\t\t\t\t\t<a href=\"https:\/\/sage.unistra.fr\/\" target=\"_blank\" rel=\"noopener\"><img loading=\"lazy\" decoding=\"async\" width=\"300\" height=\"213\" src=\"https:\/\/archimed-project.org\/wp-content\/uploads\/2024\/01\/sage-300x213.png\" class=\"default  gs-logo--img wp-post-image\" alt=\"\" title=\"SAGE\" srcset=\"https:\/\/archimed-project.org\/wp-content\/uploads\/2024\/01\/sage-300x213.png 300w, https:\/\/archimed-project.org\/wp-content\/uploads\/2024\/01\/sage-381x270.png 381w, https:\/\/archimed-project.org\/wp-content\/uploads\/2024\/01\/sage.png 674w\" sizes=\"auto, (max-width: 300px) 100vw, 300px\" \/><\/a>\t\t\t\t\t<\/div>\n\n\t\t\t\t\t<div class=\"gs_logo--details-area\">\n\t\t\t\t\t\t<!-- Logo Title -->\n\t\t\t\t\t\t<h3 class=\"gs_logo_title\">SAGE<\/h3>\t\t\t\t\t\t<!-- Logo Category -->\n\t\t\t\t\t\t\t\t\t\t\t\t<!-- Logo Details -->\n\t\t\t\t\t\t\n<div class=\"gs-logo-details justify\">CNRS &amp; Universit\u00e9 de Strasbourg<\/div>\t\t\t\t\t<\/div>\n\n\t\t\t\t<\/div>\n\t\t\t<\/div>\n\n\t\t\n\t\t\t<div class=\"gs_logo_single--wrapper\">\n\t\t\t\t<div class=\"gs_logo_single\">\n\t\t\t\t\t\n\t\t\t\t\t<div class=\"gs_logo--image-area\">\n\t\t\t\t\t\t<!-- Logo Image -->\n\t\t\t\t\t\t<a href=\"https:\/\/medfilm.unistra.fr\/wiki\/Accueil\" target=\"_blank\" rel=\"noopener\"><img loading=\"lazy\" decoding=\"async\" width=\"300\" height=\"229\" src=\"https:\/\/archimed-project.org\/wp-content\/uploads\/2024\/01\/medfilm-300x229.png\" class=\"default  gs-logo--img wp-post-image\" alt=\"\" title=\"MEDFILM\" srcset=\"https:\/\/archimed-project.org\/wp-content\/uploads\/2024\/01\/medfilm-300x229.png 300w, https:\/\/archimed-project.org\/wp-content\/uploads\/2024\/01\/medfilm-353x270.png 353w, https:\/\/archimed-project.org\/wp-content\/uploads\/2024\/01\/medfilm.png 432w\" sizes=\"auto, (max-width: 300px) 100vw, 300px\" \/><\/a>\t\t\t\t\t<\/div>\n\n\t\t\t\t\t<div class=\"gs_logo--details-area\">\n\t\t\t\t\t\t<!-- Logo Title -->\n\t\t\t\t\t\t<h3 class=\"gs_logo_title\">MEDFILM<\/h3>\t\t\t\t\t\t<!-- Logo Category -->\n\t\t\t\t\t\t\t\t\t\t\t\t<!-- Logo Details -->\n\t\t\t\t\t\t\n<div class=\"gs-logo-details justify\"><p>Universit\u00e9 de Strasbourg<\/p>\n<\/div>\t\t\t\t\t<\/div>\n\n\t\t\t\t<\/div>\n\t\t\t<\/div>\n\n\t\t\n\t\t\t<div class=\"gs_logo_single--wrapper\">\n\t\t\t\t<div class=\"gs_logo_single\">\n\t\t\t\t\t\n\t\t\t\t\t<div class=\"gs_logo--image-area\">\n\t\t\t\t\t\t<!-- Logo Image -->\n\t\t\t\t\t\t<a href=\"https:\/\/iml-strasbourg.fr\/index.php\" target=\"_blank\" rel=\"noopener\"><img loading=\"lazy\" decoding=\"async\" width=\"300\" height=\"148\" src=\"https:\/\/archimed-project.org\/wp-content\/uploads\/2024\/01\/fichier-54x-300x148.png\" class=\"default  gs-logo--img wp-post-image\" alt=\"\" title=\"Institut de M\u00e9decine L\u00e9gale de Strasbourg\" srcset=\"https:\/\/archimed-project.org\/wp-content\/uploads\/2024\/01\/fichier-54x-300x148.png 300w, https:\/\/archimed-project.org\/wp-content\/uploads\/2024\/01\/fichier-54x-547x270.png 547w, https:\/\/archimed-project.org\/wp-content\/uploads\/2024\/01\/fichier-54x.png 705w\" sizes=\"auto, (max-width: 300px) 100vw, 300px\" \/><\/a>\t\t\t\t\t<\/div>\n\n\t\t\t\t\t<div class=\"gs_logo--details-area\">\n\t\t\t\t\t\t<!-- Logo Title -->\n\t\t\t\t\t\t<h3 class=\"gs_logo_title\">Institut de M\u00e9decine L\u00e9gale de Strasbourg<\/h3>\t\t\t\t\t\t<!-- Logo Category -->\n\t\t\t\t\t\t\t\t\t\t\t\t<!-- Logo Details -->\n\t\t\t\t\t\t\n<div class=\"gs-logo-details justify\"><p>Strasbourg<\/p>\n<\/div>\t\t\t\t\t<\/div>\n\n\t\t\t\t<\/div>\n\t\t\t<\/div>\n\n\t\t\t\t\n\t\n<\/div>\t\t\t<\/div>\n\t\t<\/div>\n\t\n\t\t<style>#gs_logo_area_3:not(.verticaltickerdown):not(.verticalticker) .gs_logo_container{margin-left:-5px}#gs_logo_area_3:not(.verticaltickerdown):not(.verticalticker) .gs_logo_container{margin-right:-5px}#gs_logo_area_3:not(.verticaltickerdown):not(.verticalticker) .gs_logo_single--wrapper{padding:5px}#gs_logo_area_3 ul.gs-logo-filter-cats{text-align:center!important}<\/style>\n","protected":false},"excerpt":{"rendered":"<p>PARTENAIRES INSTITUTIONNELS<\/p>\n","protected":false},"author":1,"featured_media":0,"parent":0,"menu_order":0,"comment_status":"closed","ping_status":"closed","template":"","meta":{"footnotes":""},"class_list":["post-273","page","type-page","status-publish","hentry"],"_links":{"self":[{"href":"https:\/\/archimed-project.org\/index.php\/wp-json\/wp\/v2\/pages\/273","targetHints":{"allow":["GET"]}}],"collection":[{"href":"https:\/\/archimed-project.org\/index.php\/wp-json\/wp\/v2\/pages"}],"about":[{"href":"https:\/\/archimed-project.org\/index.php\/wp-json\/wp\/v2\/types\/page"}],"author":[{"embeddable":true,"href":"https:\/\/archimed-project.org\/index.php\/wp-json\/wp\/v2\/users\/1"}],"replies":[{"embeddable":true,"href":"https:\/\/archimed-project.org\/index.php\/wp-json\/wp\/v2\/comments?post=273"}],"version-history":[{"count":5,"href":"https:\/\/archimed-project.org\/index.php\/wp-json\/wp\/v2\/pages\/273\/revisions"}],"predecessor-version":[{"id":345,"href":"https:\/\/archimed-project.org\/index.php\/wp-json\/wp\/v2\/pages\/273\/revisions\/345"}],"wp:attachment":[{"href":"https:\/\/archimed-project.org\/index.php\/wp-json\/wp\/v2\/media?parent=273"}],"curies":[{"name":"wp","href":"https:\/\/api.w.org\/{rel}","templated":true}]}}